{"id":9,"date":"2020-09-28T13:58:48","date_gmt":"2020-09-28T11:58:48","guid":{"rendered":"http:\/\/orust-tjorn-kop.se\/?page_id=9"},"modified":"2024-10-29T15:35:05","modified_gmt":"2024-10-29T14:35:05","slug":"medlemmar","status":"publish","type":"page","link":"https:\/\/orust-tjorn-kop.se\/index.php\/medlemmar\/","title":{"rendered":"Medlemmar"},"content":{"rendered":"","protected":true},"excerpt":{"rendered":"","protected":true},"author":1,"featured_media":0,"parent":0,"menu_order":0,"comment_status":"closed","ping_status":"closed","template":"","meta":{"_et_pb_use_builder":"on","_et_pb_old_content":"<h3>Medlemmar i Orust-Tj\u00f6rns k\u00f6pmannaf\u00f6rening 2018<\/h3><ul><li><a href=\"https:\/\/www.ica.se\/butiker\/nara\/tjorn\/ica-nara-rorsman-1637\/start\/\" target=\"_blank\" rel=\"noopener noreferrer\">ICA N\u00e4ra Rorsman, R\u00f6nn\u00e4ng<\/a><\/li><li><a href=\"http:\/\/www.butikvictoria.se\/\" target=\"_blank\" rel=\"noopener noreferrer\">Butik Victoria, Bleket<\/a><\/li><li><a href=\"https:\/\/www.xlbygg.se\/skarhamn\" target=\"_blank\" rel=\"noopener noreferrer\">Bygg & Fritid, Sk\u00e4rhamn<\/a><\/li><li><a href=\"http:\/\/xn--bckerochblad-4ib.se\/\" target=\"_blank\" rel=\"noopener noreferrer\">B\u00f6cker & Blad, Hen\u00e5n<\/a><\/li><li><a href=\"https:\/\/www.ica.se\/butiker\/nara\/orust\/stillingsons-handel-1652\/start\/\" target=\"_blank\" rel=\"noopener noreferrer\">Stillings\u00f6ns Handel, Stillings\u00f6n<\/a><\/li><li><a href=\"https:\/\/www.ica.se\/butiker\/nara\/tjorn\/ica-nara-dyroboden-1634\/start\/\" target=\"_blank\" rel=\"noopener noreferrer\">Dyr\u00f6boden, Dyr\u00f6n<\/a><\/li><li><a href=\"http:\/\/www.firsttrade.se\/\" target=\"_blank\" rel=\"noopener noreferrer\">First Trade, Sk\u00e4rhamn<\/a><\/li><li><a href=\"http:\/\/henans-blomsteraffar.se\/\" target=\"_blank\" rel=\"noopener noreferrer\">Hen\u00e5ns Blomsteraff\u00e4r, Hen\u00e5n<\/a><\/li><li><a href=\"https:\/\/www.ica.se\/butiker\/supermarket\/orust\/ica-supermarket-varekilsboden-1653\/start\/\" target=\"_blank\" rel=\"noopener noreferrer\">Varekilsboden, Varekil<\/a><\/li><li>Lars & Anders Livs (Hemk\u00f6p), Hen\u00e5n<\/li><li>Matpricken i Ell\u00f6s, Ell\u00f6s<\/li><li><a href=\"https:\/\/www.ica.se\/butiker\/supermarket\/tjorn\/ica-supermarket-nordeviks-1638\/start\/\" target=\"_blank\" rel=\"noopener noreferrer\">Nordeviks Livs, Sk\u00e4rhamn<\/a><\/li><li><a href=\"http:\/\/bds.se\/bds\/bildelar-henan\/\" target=\"_blank\" rel=\"noopener noreferrer\">Odens Bildelar, Hen\u00e5n<\/a><\/li><li><a href=\"http:\/\/www.olssonstravaror.se\/\" target=\"_blank\" rel=\"noopener noreferrer\">J A Olssons Tr\u00e4varuaff\u00e4r, H\u00f6viksn\u00e4s<\/a><\/li><li><a href=\"https:\/\/www.ica.se\/butiker\/supermarket\/orust\/ica-supermarket-parlan-1650\/start\/\" target=\"_blank\" rel=\"noopener noreferrer\">P\u00e4rlans Livs, Hen\u00e5n<\/a><\/li><li><a href=\"https:\/\/www.ica.se\/butiker\/supermarket\/tjorn\/ica-supermarket-runes-1640\/start\/\" target=\"_blank\" rel=\"noopener noreferrer\">Runes Butik i K\u00e5llek\u00e4rr, K\u00e5llek\u00e4rr<\/a><\/li><li><a href=\"https:\/\/skarhamnsresebyra.se\/\" target=\"_blank\" rel=\"noopener noreferrer\">Sk\u00e4rhamns Resebyr\u00e5, Sk\u00e4rhamn<\/a><\/li><li><a href=\"http:\/\/elji.se\" target=\"_blank\" rel=\"noopener noreferrer\">ELJI Elektronik, Myggen\u00e4s<\/a><\/li><li><a href=\"http:\/\/styckensbageri.se\/\" target=\"_blank\" rel=\"noopener noreferrer\">Styckens Bageri & Speceri, Sk\u00e4rhamn<\/a><\/li><li>S\u00f6r\u00e4ngs Radio & TV, Sk\u00e4rhamn<\/li><li>Svanestone I Svanesund, Stora H\u00f6ga<\/li><li>Kulturturer, Sk\u00e4rhamn<\/li><li>Enehus, Sk\u00e4rhamn<\/li><li><a href=\"https:\/\/www.ica.se\/butiker\/supermarket\/tjorn\/ica-supermarket-almo-livs-1632\/start\/\" target=\"_blank\" rel=\"noopener noreferrer\">Alm\u00f6 Livs, Myggen\u00e4s<\/a><\/li><li><a href=\"https:\/\/www.ica.se\/butiker\/nara\/tjorn\/ica-nara-hoviksnas-16028\/start\/\" target=\"_blank\" rel=\"noopener noreferrer\">ICA N\u00e4ra, H\u00f6viksn\u00e4s<\/a><\/li><\/ul>","_et_gb_content_width":"","footnotes":""},"class_list":["post-9","page","type-page","status-publish","post-password-required","hentry"],"_links":{"self":[{"href":"https:\/\/orust-tjorn-kop.se\/index.php\/wp-json\/wp\/v2\/pages\/9","targetHints":{"allow":["GET"]}}],"collection":[{"href":"https:\/\/orust-tjorn-kop.se\/index.php\/wp-json\/wp\/v2\/pages"}],"about":[{"href":"https:\/\/orust-tjorn-kop.se\/index.php\/wp-json\/wp\/v2\/types\/page"}],"author":[{"embeddable":true,"href":"https:\/\/orust-tjorn-kop.se\/index.php\/wp-json\/wp\/v2\/users\/1"}],"replies":[{"embeddable":true,"href":"https:\/\/orust-tjorn-kop.se\/index.php\/wp-json\/wp\/v2\/comments?post=9"}],"version-history":[{"count":25,"href":"https:\/\/orust-tjorn-kop.se\/index.php\/wp-json\/wp\/v2\/pages\/9\/revisions"}],"predecessor-version":[{"id":1425,"href":"https:\/\/orust-tjorn-kop.se\/index.php\/wp-json\/wp\/v2\/pages\/9\/revisions\/1425"}],"wp:attachment":[{"href":"https:\/\/orust-tjorn-kop.se\/index.php\/wp-json\/wp\/v2\/media?parent=9"}],"curies":[{"name":"wp","href":"https:\/\/api.w.org\/{rel}","templated":true}]}}